{"id":23926,"date":"2025-07-24T16:29:59","date_gmt":"2025-07-24T16:29:59","guid":{"rendered":"https:\/\/blocshop.com\/?page_id=23926"},"modified":"2025-07-24T16:34:00","modified_gmt":"2025-07-24T16:34:00","slug":"registration-chabanel-mixed-adult-club","status":"publish","type":"page","link":"https:\/\/blocshop.com\/en\/registration-chabanel-mixed-adult-club\/","title":{"rendered":"Chabanel Mixed Adult Club Registration"},"content":{"rendered":"[vc_row type=&#8221;in_container&#8221; full_screen_row_position=&#8221;middle&#8221; column_margin=&#8221;default&#8221; column_direction=&#8221;default&#8221; column_direction_tablet=&#8221;default&#8221; column_direction_phone=&#8221;default&#8221; scene_position=&#8221;center&#8221; text_color=&#8221;dark&#8221; text_align=&#8221;left&#8221; row_border_radius=&#8221;none&#8221; row_border_radius_applies=&#8221;bg&#8221; overflow=&#8221;visible&#8221; overlay_strength=&#8221;0.3&#8243; gradient_direction=&#8221;left_to_right&#8221; shape_divider_position=&#8221;bottom&#8221; bg_image_animation=&#8221;none&#8221;][vc_column left_padding_desktop=&#8221;30%&#8221; right_padding_desktop=&#8221;30%&#8221; left_padding_phone=&#8221;1%&#8221; constrain_group_105=&#8221;yes&#8221; right_padding_phone=&#8221;1%&#8221; column_element_direction_desktop=&#8221;default&#8221; column_element_spacing=&#8221;default&#8221; desktop_text_alignment=&#8221;default&#8221; tablet_text_alignment=&#8221;default&#8221; phone_text_alignment=&#8221;default&#8221; background_color_opacity=&#8221;1&#8243; background_hover_color_opacity=&#8221;1&#8243; column_backdrop_filter=&#8221;none&#8221; column_shadow=&#8221;none&#8221; column_border_radius=&#8221;none&#8221; column_link_target=&#8221;_self&#8221; column_position=&#8221;default&#8221; gradient_direction=&#8221;left_to_right&#8221; overlay_strength=&#8221;0.3&#8243; width=&#8221;1\/1&#8243; tablet_width_inherit=&#8221;default&#8221; animation_type=&#8221;default&#8221; bg_image_animation=&#8221;none&#8221; border_type=&#8221;simple&#8221; column_border_width=&#8221;none&#8221; column_border_style=&#8221;solid&#8221; column_padding_type=&#8221;advanced&#8221; gradient_type=&#8221;default&#8221;][nectar_responsive_text inherited_font_style=&#8221;default&#8221; text_direction=&#8221;default&#8221;]\n<h1>Chabanel Mixed Adult Club<\/h1>\n<h4><span style=\"color: #8224e3;\">Registration<\/span><\/h4>\n[\/nectar_responsive_text][\/vc_column][\/vc_row][vc_row type=&#8221;in_container&#8221; full_screen_row_position=&#8221;middle&#8221; column_margin=&#8221;default&#8221; column_direction=&#8221;default&#8221; column_direction_tablet=&#8221;default&#8221; column_direction_phone=&#8221;default&#8221; scene_position=&#8221;center&#8221; text_color=&#8221;dark&#8221; text_align=&#8221;left&#8221; row_border_radius=&#8221;none&#8221; row_border_radius_applies=&#8221;bg&#8221; overflow=&#8221;visible&#8221; overlay_strength=&#8221;0.3&#8243; gradient_direction=&#8221;left_to_right&#8221; shape_divider_position=&#8221;bottom&#8221; bg_image_animation=&#8221;none&#8221;][vc_column left_padding_desktop=&#8221;30%&#8221; constrain_group_101=&#8221;yes&#8221; right_padding_desktop=&#8221;30%&#8221; left_padding_tablet=&#8221;15%&#8221; constrain_group_103=&#8221;yes&#8221; right_padding_tablet=&#8221;15%&#8221; left_padding_phone=&#8221;0&#8243; right_padding_phone=&#8221;0&#8243; column_element_direction_desktop=&#8221;default&#8221; column_element_spacing=&#8221;default&#8221; desktop_text_alignment=&#8221;default&#8221; tablet_text_alignment=&#8221;default&#8221; phone_text_alignment=&#8221;default&#8221; background_color_opacity=&#8221;1&#8243; background_hover_color_opacity=&#8221;1&#8243; column_backdrop_filter=&#8221;none&#8221; column_shadow=&#8221;none&#8221; column_border_radius=&#8221;none&#8221; column_link_target=&#8221;_self&#8221; column_position=&#8221;default&#8221; gradient_direction=&#8221;left_to_right&#8221; overlay_strength=&#8221;0.3&#8243; width=&#8221;1\/1&#8243; tablet_width_inherit=&#8221;default&#8221; animation_type=&#8221;default&#8221; bg_image_animation=&#8221;none&#8221; border_type=&#8221;simple&#8221; column_border_width=&#8221;none&#8221; column_border_style=&#8221;solid&#8221; column_padding_type=&#8221;advanced&#8221; gradient_type=&#8221;default&#8221;][toggles style=&#8221;minimal&#8221;][toggle color=&#8221;Default&#8221; heading_tag=&#8221;h6&#8243; heading_tag_functionality=&#8221;change_html_tag&#8221; title=&#8221;Marche \u00e0 suivre&#8221;][vc_column_text css=&#8221;&#8221; text_direction=&#8221;default&#8221;]\n<ol>\n<li>Le produit a \u00e9t\u00e9 directement ajout\u00e9 \u00e0 votre panier, toutes les \u00e9tapes se d\u00e9roulent dans votre panier.<\/li>\n<li>Cr\u00e9ez votre compte si vous n&#8217;en avez pas.<\/li>\n<li>Cliquez sur &#8220;Ajouter un membre au m\u00e9nage&#8221; et cr\u00e9ez un compte \u00e0 votre enfant.<\/li>\n<li>Assignez le produit \u00e0 votre enfant et payez.<\/li>\n<\/ol>\n[\/vc_column_text][\/toggle][\/toggles][\/vc_column][\/vc_row][vc_row type=&#8221;in_container&#8221; full_screen_row_position=&#8221;middle&#8221; column_margin=&#8221;default&#8221; column_direction=&#8221;default&#8221; column_direction_tablet=&#8221;default&#8221; column_direction_phone=&#8221;default&#8221; scene_position=&#8221;center&#8221; text_color=&#8221;dark&#8221; text_align=&#8221;left&#8221; row_border_radius=&#8221;none&#8221; row_border_radius_applies=&#8221;bg&#8221; overflow=&#8221;visible&#8221; overlay_strength=&#8221;0.3&#8243; gradient_direction=&#8221;left_to_right&#8221; shape_divider_position=&#8221;bottom&#8221; bg_image_animation=&#8221;none&#8221; gradient_type=&#8221;default&#8221; shape_type=&#8221;&#8221;][vc_column column_padding=&#8221;no-extra-padding&#8221; column_padding_tablet=&#8221;inherit&#8221; column_padding_phone=&#8221;inherit&#8221; column_padding_position=&#8221;all&#8221; column_element_direction_desktop=&#8221;default&#8221; column_element_spacing=&#8221;default&#8221; desktop_text_alignment=&#8221;default&#8221; tablet_text_alignment=&#8221;default&#8221; phone_text_alignment=&#8221;default&#8221; background_color_opacity=&#8221;1&#8243; background_hover_color_opacity=&#8221;1&#8243; column_backdrop_filter=&#8221;none&#8221; column_shadow=&#8221;none&#8221; column_border_radius=&#8221;none&#8221; column_link_target=&#8221;_self&#8221; column_position=&#8221;default&#8221; gradient_direction=&#8221;left_to_right&#8221; overlay_strength=&#8221;0.3&#8243; width=&#8221;1\/1&#8243; tablet_width_inherit=&#8221;default&#8221; animation_type=&#8221;default&#8221; bg_image_animation=&#8221;none&#8221; border_type=&#8221;simple&#8221; column_border_width=&#8221;none&#8221; column_border_style=&#8221;solid&#8221;][vc_raw_html css=&#8221;&#8221;]JTNDc3R5bGUlM0UlMEEuYXBwcm9hY2gtZW1iZWQtY29udGFpbmVyJTIwJTdCJTBBJTIwJTIwJTIwJTIwcG9zaXRpb24lM0ElMjByZWxhdGl2ZSUzQiUwQSUyMCUyMCUyMCUyMHdpZHRoJTNBJTIwMTAwJTI1JTNCJTBBJTIwJTIwJTIwJTIwbWF4LXdpZHRoJTNBJTIwMTc1MHB4JTNCJTIwJTJGJTJBJTIwTWF0Y2glMjBuYXZiYXIlMjBjb250ZW50JTIwd2lkdGglMjAlMkIlMjAzNTBweCUyMHRvdGFsJTIwJTI4MTc1cHglMjBlYWNoJTIwc2lkZSUyOSUyMCUyQSUyRiUwQSUyMCUyMCUyMCUyMG1hcmdpbiUzQSUyMDAlMjBhdXRvJTNCJTIwJTJGJTJBJTIwQ2VudGVyJTIwdGhlJTIwY29udGFpbmVyJTIwJTJBJTJGJTBBJTIwJTIwJTIwJTIwaGVpZ2h0JTNBJTIwODB2aCUzQiUwQSUyMCUyMCUyMCUyMG1pbi1oZWlnaHQlM0ElMjA2MDBweCUzQiUwQSUyMCUyMCUyMCUyMGJhY2tncm91bmQlM0ElMjAlMjNmOGY5ZmElM0IlMEElMjAlMjAlMjAlMjBib3JkZXItcmFkaXVzJTNBJTIwMjBweCUzQiUwQSUyMCUyMCUyMCUyMG92ZXJmbG93JTNBJTIwaGlkZGVuJTNCJTBBJTIwJTIwJTIwJTIwYm9yZGVyJTNBJTIwMXB4JTIwc29saWQlMjAlMjNjY2MlM0IlMEElN0QlMEEuYXBwcm9hY2gtZW1iZWQtaWZyYW1lJTIwJTdCJTBBJTIwJTIwJTIwJTIwd2lkdGglM0ElMjAxMDAlMjUlM0IlMEElMjAlMjAlMjAlMjBoZWlnaHQlM0ElMjAxMDAlMjUlM0IlMEElMjAlMjAlMjAlMjBib3JkZXIlM0ElMjBub25lJTNCJTBBJTIwJTIwJTIwJTIwZGlzcGxheSUzQSUyMGJsb2NrJTNCJTBBJTdEJTBBLmFwcHJvYWNoLWVtYmVkLWxvYWRpbmclMjAlN0IlMEElMjAlMjAlMjAlMjBwb3NpdGlvbiUzQSUyMGFic29sdXRlJTNCJTBBJTIwJTIwJTIwJTIwdG9wJTNBJTIwNTAlMjUlM0IlMEElMjAlMjAlMjAlMjBsZWZ0JTNBJTIwNTAlMjUlM0IlMEElMjAlMjAlMjAlMjB0cmFuc2Zvcm0lM0ElMjB0cmFuc2xhdGUlMjgtNTAlMjUlMkMlMjAtNTAlMjUlMjklM0IlMEElMjAlMjAlMjAlMjB0ZXh0LWFsaWduJTNBJTIwY2VudGVyJTNCJTBBJTIwJTIwJTIwJTIwei1pbmRleCUzQSUyMDEwJTNCJTBBJTdEJTBBLmFwcHJvYWNoLWVtYmVkLXNwaW5uZXIlMjAlN0IlMEElMjAlMjAlMjAlMjB3aWR0aCUzQSUyMDQwcHglM0IlMEElMjAlMjAlMjAlMjBoZWlnaHQlM0ElMjA0MHB4JTNCJTBBJTIwJTIwJTIwJTIwYm9yZGVyJTNBJTIwNHB4JTIwc29saWQlMjAlMjNlM2UzZTMlM0IlMEElMjAlMjAlMjAlMjBib3JkZXItdG9wJTNBJTIwNHB4JTIwc29saWQlMjAlMjM4ZDFkZmYlM0IlMEElMjAlMjAlMjAlMjBib3JkZXItcmFkaXVzJTNBJTIwNTAlMjUlM0IlMEElMjAlMjAlMjAlMjBhbmltYXRpb24lM0ElMjBhcHByb2FjaC1lbWJlZC1zcGluJTIwMXMlMjBsaW5lYXIlMjBpbmZpbml0ZSUzQiUwQSUyMCUyMCUyMCUyMG1hcmdpbiUzQSUyMDAlMjBhdXRvJTIwMXJlbSUzQiUwQSU3RCUwQSU0MGtleWZyYW1lcyUyMGFwcHJvYWNoLWVtYmVkLXNwaW4lMjAlN0IlMEElMjAlMjAlMjAlMjAwJTI1JTIwJTdCJTIwdHJhbnNmb3JtJTNBJTIwcm90YXRlJTI4MGRlZyUyOSUzQiUyMCU3RCUwQSUyMCUyMCUyMCUyMDEwMCUyNSUyMCU3QiUyMHRyYW5zZm9ybSUzQSUyMHJvdGF0ZSUyODM2MGRlZyUyOSUzQiUyMCU3RCUwQSU3RCUwQSUwQSUyRiUyQSUyMERlc2t0b3AlMjByZXNwb25zaXZlJTIwYWRqdXN0bWVudHMlMjAlMkElMkYlMEElNDBtZWRpYSUyMCUyOG1pbi13aWR0aCUzQSUyMDEyMDBweCUyOSUyMCU3QiUwQSUyMCUyMCUyMCUyMC5hcHByb2FjaC1lbWJlZC1jb250YWluZXIlMjAlN0IlMEElMjAlMjAlMjAlMjAlMjAlMjAlMjAlMjBtYXgtd2lkdGglM0ElMjAxNjcwcHglM0IlMjAlMkYlMkElMjBNYXRjaCUyMG5hdmJhciUyMGNvbnRlbnQlMjB3aWR0aCUyMCUyQiUyMDM1MHB4JTIwb24lMjBsYXJnZXIlMjBzY3JlZW5zJTIwJTJBJTJGJTBBJTIwJTIwJTIwJTIwJTdEJTBBJTdEJTBBJTBBJTQwbWVkaWElMjAlMjhtaW4td2lkdGglM0ElMjA3NjlweCUyOSUyMGFuZCUyMCUyOG1heC13aWR0aCUzQSUyMDExOTlweCUyOSUyMCU3QiUwQSUyMCUyMCUyMCUyMC5hcHByb2FjaC1lbWJlZC1jb250YWluZXIlMjAlN0IlMEElMjAlMjAlMjAlMjAlMjAlMjAlMjAlMjBtYXgtd2lkdGglM0ElMjAxNDkwcHglM0IlMjAlMkYlMkElMjBNZWRpdW0lMjBkZXNrdG9wJTIwc2l6ZSUyMCUyQiUyMDM1MHB4JTIwdG8lMjBtYXRjaCUyMG5hdmJhciUyMCUyQSUyRiUwQSUyMCUyMCUyMCUyMCU3RCUwQSU3RCUwQSUwQSU0MG1lZGlhJTIwJTI4bWF4LXdpZHRoJTNBJTIwNzY4cHglMjklMjAlN0IlMEElMjAlMjAlMjAlMjAuYXBwcm9hY2gtZW1iZWQtY29udGFpbmVyJTIwJTdCJTBBJTIwJTIwJTIwJTIwJTIwJTIwJTIwJTIwaGVpZ2h0JTNBJTIwNzB2aCUzQiUwQSUyMCUyMCUyMCUyMCUyMCUyMCUyMCUyMG1pbi1oZWlnaHQlM0ElMjA1MDBweCUzQiUwQSUyMCUyMCUyMCUyMCUyMCUyMCUyMCUyMGJvcmRlci1yYWRpdXMlM0ElMjAyMHB4JTNCJTBBJTIwJTIwJTIwJTIwJTIwJTIwJTIwJTIwbWF4LXdpZHRoJTNBJTIwbm9uZSUzQiUyMCUyRiUyQSUyMEZ1bGwlMjB3aWR0aCUyMG9uJTIwbW9iaWxlJTIwJTJBJTJGJTBBJTIwJTIwJTIwJTIwJTIwJTIwJTIwJTIwbWFyZ2luJTNBJTIwMCUzQiUyMCUyRiUyQSUyMFJlbW92ZSUyMGNlbnRlcmluZyUyMG1hcmdpbiUyMG9uJTIwbW9iaWxlJTIwJTJBJTJGJTBBJTIwJTIwJTIwJTIwJTdEJTBBJTIwJTIwJTIwJTIwJTBBJTIwJTIwJTIwJTIwLmFwcHJvYWNoLWVtYmVkLWhlYWRlciUyMCU3QiUwQSUyMCUyMCUyMCUyMCUyMCUyMCUyMCUyMHBhZGRpbmclM0ElMjAwLjc1cmVtJTNCJTBBJTIwJTIwJTIwJTIwJTIwJTIwJTIwJTIwZm9udC1zaXplJTNBJTIwMXJlbSUzQiUwQSUyMCUyMCUyMCUyMCU3RCUwQSU3RCUwQSUwQS5hcHByb2FjaC1mdWxsc2NyZWVuJTIwJTdCJTBBJTIwJTIwJTIwJTIwaGVpZ2h0JTNBJTIwMTAwdmglM0IlMEElMjAlMjAlMjAlMjBwb3NpdGlvbiUzQSUyMGZpeGVkJTNCJTBBJTIwJTIwJTIwJTIwdG9wJTNBJTIwMCUzQiUwQSUyMCUyMCUyMCUyMGxlZnQlM0ElMjAwJTNCJTBBJTIwJTIwJTIwJTIwcmlnaHQlM0ElMjAwJTNCJTBBJTIwJTIwJTIwJTIwYm90dG9tJTNBJTIwMCUzQiUwQSUyMCUyMCUyMCUyMHotaW5kZXglM0ElMjA5OTk5JTNCJTBBJTIwJTIwJTIwJTIwYm9yZGVyLXJhZGl1cyUzQSUyMDAlM0IlMEElMjAlMjAlMjAlMjBtYXgtd2lkdGglM0ElMjBub25lJTIwJTIxaW1wb3J0YW50JTNCJTIwJTJGJTJBJTIwT3ZlcnJpZGUlMjBtYXgtd2lkdGglMjBpbiUyMGZ1bGxzY3JlZW4lMjAlMkElMkYlMEElMjAlMjAlMjAlMjBtYXJnaW4lM0ElMjAwJTIwJTIxaW1wb3J0YW50JTNCJTIwJTJGJTJBJTIwT3ZlcnJpZGUlMjBtYXJnaW4lMjBpbiUyMGZ1bGxzY3JlZW4lMjAlMkElMkYlMEElN0QlMEEuYXBwcm9hY2gtZnVsbHNjcmVlbiUyMC5hcHByb2FjaC1lbWJlZC1pZnJhbWUlMjAlN0IlMEElMjAlMjAlMjAlMjBoZWlnaHQlM0ElMjAxMDAlMjUlM0IlMEElN0QlMEElM0MlMkZzdHlsZSUzRSUwQSUzQ2RpdiUyMGNsYXNzJTNEJTIyYXBwcm9hY2gtZW1iZWQtY29udGFpbmVyJTIyJTIwaWQlM0QlMjJhcHByb2FjaENvbnRhaW5lciUyMiUzRSUwQSUyMCUyMCUyMCUyMCUzQ2RpdiUyMGNsYXNzJTNEJTIyYXBwcm9hY2gtZW1iZWQtbG9hZGluZyUyMiUyMGlkJTNEJTIyYXBwcm9hY2hFbWJlZExvYWRpbmclMjIlM0UlMEElMjAlMjAlMjAlMjAlMjAlMjAlMjAlMjAlM0NkaXYlMjBjbGFzcyUzRCUyMmFwcHJvYWNoLWVtYmVkLXNwaW5uZXIlMjIlM0UlM0MlMkZkaXYlM0UlMEElMjAlMjAlMjAlMjAlMjAlMjAlMjAlMjAlM0NwJTIwc3R5bGUlM0QlMjJjb2xvciUzQSUyMCUyMzY2NiUzQiUyMG1hcmdpbiUzQSUyMDAlM0IlMjIlM0VDaGFyZ2VtZW50JTIwZHUlMjBwb3J0YWlsLi4uJTNDJTJGcCUzRSUwQSUyMCUyMCUyMCUyMCUzQyUyRmRpdiUzRSUwQSUyMCUyMCUyMCUyMCUwQSUyMCUyMCUyMCUyMCUzQ2lmcmFtZSUyMCUwQSUyMCUyMCUyMCUyMCUyMCUyMCUyMCUyMGlkJTNEJTIyYXBwcm9hY2hFbWJlZElmcmFtZSUyMiUwQSUyMCUyMCUyMCUyMCUyMCUyMCUyMCUyMGNsYXNzJTNEJTIyYXBwcm9hY2gtZW1iZWQtaWZyYW1lJTIyJTBBJTIwJTIwJTIwJTIwJTIwJTIwJTIwJTIwc3JjJTNEJTIyaHR0cHMlM0ElMkYlMkZibG9jc2hvcC5wb3J0YWwuYXBwcm9hY2guYXBwJTJGJTNGYWElM0QxJTI2YXZhaWxhYmxlTG9jYXRpb25JZHMlM0QxJTI2YWFJdGVtVHlwZSUzRE1FTUJFUlNISVAlMjZhYU1lbWJlcnNoaXBUeXBlSWQlM0QyMiUyMiUwQSUyMCUyMCUyMCUyMCUyMCUyMCUyMCUyMHRpdGxlJTNEJTIyUG9ydGFpbCUyMENsaWVudCUyMEFwcHJvYWNoJTIyJTBBJTIwJTIwJTIwJTIwJTIwJTIwJTIwJTIwb25sb2FkJTNEJTIyaGlkZUFwcHJvYWNoRW1iZWRMb2FkaW5nJTI4JTI5JTIyJTBBJTIwJTIwJTIwJTIwJTIwJTIwJTIwJTIwc2FuZGJveCUzRCUyMmFsbG93LXNhbWUtb3JpZ2luJTIwYWxsb3ctc2NyaXB0cyUyMGFsbG93LWZvcm1zJTIwYWxsb3ctcG9wdXBzJTIyJTNFJTBBJTIwJTIwJTIwJTIwJTNDJTJGaWZyYW1lJTNFJTBBJTNDJTJGZGl2JTNFJTBBJTNDc2NyaXB0JTNFJTBBZnVuY3Rpb24lMjBoaWRlQXBwcm9hY2hFbWJlZExvYWRpbmclMjglMjklMjAlN0IlMEElMjAlMjAlMjAlMjBjb25zdCUyMGxvYWRpbmclMjAlM0QlMjBkb2N1bWVudC5nZXRFbGVtZW50QnlJZCUyOCUyN2FwcHJvYWNoRW1iZWRMb2FkaW5nJTI3JTI5JTNCJTBBJTIwJTIwJTIwJTIwaWYlMjAlMjhsb2FkaW5nJTI5JTIwJTdCJTBBJTIwJTIwJTIwJTIwJTIwJTIwJTIwJTIwbG9hZGluZy5zdHlsZS5kaXNwbGF5JTIwJTNEJTIwJTI3bm9uZSUyNyUzQiUwQSUyMCUyMCUyMCUyMCU3RCUwQSU3RCUwQWZ1bmN0aW9uJTIwdG9nZ2xlQXBwcm9hY2hGdWxsc2NyZWVuJTI4JTI5JTIwJTdCJTBBJTIwJTIwJTIwJTIwY29uc3QlMjBjb250YWluZXIlMjAlM0QlMjBkb2N1bWVudC5nZXRFbGVtZW50QnlJZCUyOCUyN2FwcHJvYWNoQ29udGFpbmVyJTI3JTI5JTNCJTBBJTIwJTIwJTIwJTIwaWYlMjAlMjhjb250YWluZXIuY2xhc3NMaXN0LmNvbnRhaW5zJTI4JTI3YXBwcm9hY2gtZnVsbHNjcmVlbiUyNyUyOSUyOSUyMCU3QiUwQSUyMCUyMCUyMCUyMCUyMCUyMCUyMCUyMGNvbnRhaW5lci5jbGFzc0xpc3QucmVtb3ZlJTI4JTI3YXBwcm9hY2gtZnVsbHNjcmVlbiUyNyUyOSUzQiUwQSUyMCUyMCUyMCUyMCU3RCUyMGVsc2UlMjAlN0IlMEElMjAlMjAlMjAlMjAlMjAlMjAlMjAlMjBjb250YWluZXIuY2xhc3NMaXN0LmFkZCUyOCUyN2FwcHJvYWNoLWZ1bGxzY3JlZW4lMjclMjklM0IlMEElMjAlMjAlMjAlMjAlN0QlMEElN0QlMEFkb2N1bWVudC5hZGRFdmVudExpc3RlbmVyJTI4JTI3a2V5ZG93biUyNyUyQyUyMGZ1bmN0aW9uJTI4ZSUyOSUyMCU3QiUwQSUyMCUyMCUyMCUyMGlmJTIwJTI4ZS5rZXklMjAlM0QlM0QlM0QlMjAlMjdFc2NhcGUlMjclMjklMjAlN0IlMEElMjAlMjAlMjAlMjAlMjAlMjAlMjAlMjBjb25zdCUyMGNvbnRhaW5lciUyMCUzRCUyMGRvY3VtZW50LmdldEVsZW1lbnRCeUlkJTI4JTI3YXBwcm9hY2hDb250YWluZXIlMjclMjklM0IlMEElMjAlMjAlMjAlMjAlMjAlMjAlMjAlMjBpZiUyMCUyOGNvbnRhaW5lciUyMCUyNiUyNiUyMGNvbnRhaW5lci5jbGFzc0xpc3QuY29udGFpbnMlMjglMjdhcHByb2FjaC1mdWxsc2NyZWVuJTI3JTI5JTI5JTIwJTdCJTBBJTIwJTIwJTIwJTIwJTIwJTIwJTIwJTIwJTIwJTIwJTIwJTIwY29udGFpbmVyLmNsYXNzTGlzdC5yZW1vdmUlMjglMjdhcHByb2FjaC1mdWxsc2NyZWVuJTI3JTI5JTNCJTBBJTIwJTIwJTIwJTIwJTIwJTIwJTIwJTIwJTdEJTBBJTIwJTIwJTIwJTIwJTdEJTBBJTdEJTI5JTNCJTBBZG9jdW1lbnQuZ2V0RWxlbWVudEJ5SWQlMjglMjdhcHByb2FjaEVtYmVkSWZyYW1lJTI3JTI5Lm9uZXJyb3IlMjAlM0QlMjBmdW5jdGlvbiUyOCUyOSUyMCU3QiUwQSUyMCUyMCUyMCUyMGNvbnN0JTIwbG9hZGluZyUyMCUzRCUyMGRvY3VtZW50LmdldEVsZW1lbnRCeUlkJTI4JTI3YXBwcm9hY2hFbWJlZExvYWRpbmclMjclMjklM0IlMEElMjAlMjAlMjAlMjBpZiUyMCUyOGxvYWRpbmclMjklMjAlN0IlMEElMjAlMjAlMjAlMjAlMjAlMjAlMjAlMjBsb2FkaW5nLmlubmVySFRNTCUyMCUzRCUyMCUyNyUzQ2RpdiUyMHN0eWxlJTNEJTIydGV4dC1hbGlnbiUzQSUyMGNlbnRlciUzQiUyMGNvbG9yJTNBJTIwJTIzNjY2JTNCJTIyJTNFJTNDcCUzRSVFMiU5RCU4QyUyMEltcG9zc2libGUlMjBkZSUyMGNoYXJnZXIlMjBsZSUyMHBvcnRhaWwlM0MlMkZwJTNFJTNDYnV0dG9uJTIwb25jbGljayUzRCUyMmxvY2F0aW9uLnJlbG9hZCUyOCUyOSUyMiUyMHN0eWxlJTNEJTIybWFyZ2luLXRvcCUzQSUyMDFyZW0lM0IlMjBwYWRkaW5nJTNBJTIwMC41cmVtJTIwMXJlbSUzQiUyMGJhY2tncm91bmQlM0ElMjAlMjM4ZDFkZmYlM0IlMjBjb2xvciUzQSUyMHdoaXRlJTNCJTIwYm9yZGVyJTNBJTIwbm9uZSUzQiUyMGJvcmRlci1yYWRpdXMlM0ElMjA0cHglM0IlMjBjdXJzb3IlM0ElMjBwb2ludGVyJTNCJTIyJTNFUiVDMyVBOWVzc2F5ZXIlM0MlMkZidXR0b24lM0UlM0MlMkZkaXYlM0UlMjclM0IlMEElMjAlMjAlMjAlMjAlN0QlMEElN0QlM0IlMEElM0MlMkZzY3JpcHQlM0U=[\/vc_raw_html][\/vc_column][\/vc_row]\n","protected":false},"excerpt":{"rendered":"<p>[vc_row type=&#8221;in_container&#8221; full_screen_row_position=&#8221;middle&#8221; column_margin=&#8221;default&#8221; column_direction=&#8221;default&#8221; column_direction_tablet=&#8221;default&#8221; column_direction_phone=&#8221;default&#8221; scene_position=&#8221;center&#8221; text_color=&#8221;dark&#8221; text_align=&#8221;left&#8221; row_border_radius=&#8221;none&#8221; row_border_radius_applies=&#8221;bg&#8221; overflow=&#8221;visible&#8221; overlay_strength=&#8221;0.3&#8243; gradient_direction=&#8221;left_to_right&#8221; shape_divider_position=&#8221;bottom&#8221; bg_image_animation=&#8221;none&#8221;][vc_column left_padding_desktop=&#8221;30%&#8221; right_padding_desktop=&#8221;30%&#8221; left_padding_phone=&#8221;1%&#8221; constrain_group_105=&#8221;yes&#8221; right_padding_phone=&#8221;1%&#8221; column_element_direction_desktop=&#8221;default&#8221; column_element_spacing=&#8221;default&#8221; desktop_text_alignment=&#8221;default&#8221; tablet_text_alignment=&#8221;default&#8221; phone_text_alignment=&#8221;default&#8221; background_color_opacity=&#8221;1&#8243; background_hover_color_opacity=&#8221;1&#8243; column_backdrop_filter=&#8221;none&#8221;&#8230;<\/p>\n","protected":false},"author":2,"featured_media":0,"parent":0,"menu_order":0,"comment_status":"closed","ping_status":"closed","template":"","meta":{"footnotes":""},"categories":[],"tags":[],"class_list":["post-23926","page","type-page","status-publish"],"yoast_head":"<!-- This site is optimized with the Yoast SEO plugin v27.4 - https:\/\/yoast.com\/product\/yoast-seo-wordpress\/ -->\n<title>Chabanel Mixed Adult Club Registration | Bloc Shop<\/title>\n<meta name=\"description\" content=\"Registration for the Chabanel Mixed Adult Club\" \/>\n<meta name=\"robots\" content=\"index, follow, max-snippet:-1, max-image-preview:large, max-video-preview:-1\" \/>\n<link rel=\"canonical\" href=\"https:\/\/blocshop.com\/en\/registration-chabanel-mixed-adult-club\/\" \/>\n<meta property=\"og:locale\" content=\"en_US\" \/>\n<meta property=\"og:type\" content=\"article\" \/>\n<meta property=\"og:title\" content=\"Chabanel Mixed Adult Club Registration | Bloc Shop\" \/>\n<meta property=\"og:description\" content=\"Registration for the Chabanel Mixed Adult Club\" \/>\n<meta property=\"og:url\" content=\"https:\/\/blocshop.com\/en\/registration-chabanel-mixed-adult-club\/\" \/>\n<meta property=\"og:site_name\" content=\"Bloc Shop\" \/>\n<meta property=\"article:publisher\" content=\"https:\/\/www.facebook.com\/BlocShop\" \/>\n<meta property=\"article:modified_time\" content=\"2025-07-24T16:34:00+00:00\" \/>\n<meta property=\"og:image\" content=\"https:\/\/blocshop.com\/wp-content\/uploads\/2024\/12\/LEDU3905-scaled.jpg\" \/>\n\t<meta property=\"og:image:width\" content=\"2560\" \/>\n\t<meta property=\"og:image:height\" content=\"1707\" \/>\n\t<meta property=\"og:image:type\" content=\"image\/jpeg\" \/>\n<meta name=\"twitter:card\" content=\"summary_large_image\" \/>\n<meta name=\"twitter:label1\" content=\"Est. reading time\" \/>\n\t<meta name=\"twitter:data1\" content=\"1 minute\" \/>\n<script type=\"application\/ld+json\" class=\"yoast-schema-graph\">{\"@context\":\"https:\\\/\\\/schema.org\",\"@graph\":[{\"@type\":\"WebPage\",\"@id\":\"https:\\\/\\\/blocshop.com\\\/en\\\/registration-chabanel-mixed-adult-club\\\/\",\"url\":\"https:\\\/\\\/blocshop.com\\\/en\\\/registration-chabanel-mixed-adult-club\\\/\",\"name\":\"Chabanel Mixed Adult Club Registration | Bloc Shop\",\"isPartOf\":{\"@id\":\"https:\\\/\\\/blocshop.com\\\/en\\\/#website\"},\"datePublished\":\"2025-07-24T16:29:59+00:00\",\"dateModified\":\"2025-07-24T16:34:00+00:00\",\"description\":\"Registration for the Chabanel Mixed Adult Club\",\"breadcrumb\":{\"@id\":\"https:\\\/\\\/blocshop.com\\\/en\\\/registration-chabanel-mixed-adult-club\\\/#breadcrumb\"},\"inLanguage\":\"en-US\",\"potentialAction\":[{\"@type\":\"ReadAction\",\"target\":[\"https:\\\/\\\/blocshop.com\\\/en\\\/registration-chabanel-mixed-adult-club\\\/\"]}]},{\"@type\":\"BreadcrumbList\",\"@id\":\"https:\\\/\\\/blocshop.com\\\/en\\\/registration-chabanel-mixed-adult-club\\\/#breadcrumb\",\"itemListElement\":[{\"@type\":\"ListItem\",\"position\":1,\"name\":\"Accueil\",\"item\":\"https:\\\/\\\/blocshop.com\\\/en\\\/\"},{\"@type\":\"ListItem\",\"position\":2,\"name\":\"Chabanel Mixed Adult Club Registration\"}]},{\"@type\":\"WebSite\",\"@id\":\"https:\\\/\\\/blocshop.com\\\/en\\\/#website\",\"url\":\"https:\\\/\\\/blocshop.com\\\/en\\\/\",\"name\":\"Bloc Shop\",\"description\":\"Un move d&#039;avance. Centres d&#039;escalade de bloc par excellence \u00e0 Montr\u00e9al.\",\"publisher\":{\"@id\":\"https:\\\/\\\/blocshop.com\\\/en\\\/#organization\"},\"potentialAction\":[{\"@type\":\"SearchAction\",\"target\":{\"@type\":\"EntryPoint\",\"urlTemplate\":\"https:\\\/\\\/blocshop.com\\\/en\\\/?s={search_term_string}\"},\"query-input\":{\"@type\":\"PropertyValueSpecification\",\"valueRequired\":true,\"valueName\":\"search_term_string\"}}],\"inLanguage\":\"en-US\"},{\"@type\":\"Organization\",\"@id\":\"https:\\\/\\\/blocshop.com\\\/en\\\/#organization\",\"name\":\"Bloc Shop\",\"url\":\"https:\\\/\\\/blocshop.com\\\/en\\\/\",\"logo\":{\"@type\":\"ImageObject\",\"inLanguage\":\"en-US\",\"@id\":\"https:\\\/\\\/blocshop.com\\\/en\\\/#\\\/schema\\\/logo\\\/image\\\/\",\"url\":\"https:\\\/\\\/blocshop.com\\\/wp-content\\\/uploads\\\/2024\\\/08\\\/cropped-colored_back_2025.png\",\"contentUrl\":\"https:\\\/\\\/blocshop.com\\\/wp-content\\\/uploads\\\/2024\\\/08\\\/cropped-colored_back_2025.png\",\"width\":1556,\"height\":1542,\"caption\":\"Bloc Shop\"},\"image\":{\"@id\":\"https:\\\/\\\/blocshop.com\\\/en\\\/#\\\/schema\\\/logo\\\/image\\\/\"},\"sameAs\":[\"https:\\\/\\\/www.facebook.com\\\/BlocShop\",\"https:\\\/\\\/www.instagram.com\\\/blocshop\\\/\"]}]}<\/script>\n<!-- \/ Yoast SEO plugin. -->","yoast_head_json":{"title":"Chabanel Mixed Adult Club Registration | Bloc Shop","description":"Registration for the Chabanel Mixed Adult Club","robots":{"index":"index","follow":"follow","max-snippet":"max-snippet:-1","max-image-preview":"max-image-preview:large","max-video-preview":"max-video-preview:-1"},"canonical":"https:\/\/blocshop.com\/en\/registration-chabanel-mixed-adult-club\/","og_locale":"en_US","og_type":"article","og_title":"Chabanel Mixed Adult Club Registration | Bloc Shop","og_description":"Registration for the Chabanel Mixed Adult Club","og_url":"https:\/\/blocshop.com\/en\/registration-chabanel-mixed-adult-club\/","og_site_name":"Bloc Shop","article_publisher":"https:\/\/www.facebook.com\/BlocShop","article_modified_time":"2025-07-24T16:34:00+00:00","og_image":[{"width":2560,"height":1707,"url":"https:\/\/blocshop.com\/wp-content\/uploads\/2024\/12\/LEDU3905-scaled.jpg","type":"image\/jpeg"}],"twitter_card":"summary_large_image","twitter_misc":{"Est. reading time":"1 minute"},"schema":{"@context":"https:\/\/schema.org","@graph":[{"@type":"WebPage","@id":"https:\/\/blocshop.com\/en\/registration-chabanel-mixed-adult-club\/","url":"https:\/\/blocshop.com\/en\/registration-chabanel-mixed-adult-club\/","name":"Chabanel Mixed Adult Club Registration | Bloc Shop","isPartOf":{"@id":"https:\/\/blocshop.com\/en\/#website"},"datePublished":"2025-07-24T16:29:59+00:00","dateModified":"2025-07-24T16:34:00+00:00","description":"Registration for the Chabanel Mixed Adult Club","breadcrumb":{"@id":"https:\/\/blocshop.com\/en\/registration-chabanel-mixed-adult-club\/#breadcrumb"},"inLanguage":"en-US","potentialAction":[{"@type":"ReadAction","target":["https:\/\/blocshop.com\/en\/registration-chabanel-mixed-adult-club\/"]}]},{"@type":"BreadcrumbList","@id":"https:\/\/blocshop.com\/en\/registration-chabanel-mixed-adult-club\/#breadcrumb","itemListElement":[{"@type":"ListItem","position":1,"name":"Accueil","item":"https:\/\/blocshop.com\/en\/"},{"@type":"ListItem","position":2,"name":"Chabanel Mixed Adult Club Registration"}]},{"@type":"WebSite","@id":"https:\/\/blocshop.com\/en\/#website","url":"https:\/\/blocshop.com\/en\/","name":"Bloc Shop","description":"Un move d&#039;avance. Centres d&#039;escalade de bloc par excellence \u00e0 Montr\u00e9al.","publisher":{"@id":"https:\/\/blocshop.com\/en\/#organization"},"potentialAction":[{"@type":"SearchAction","target":{"@type":"EntryPoint","urlTemplate":"https:\/\/blocshop.com\/en\/?s={search_term_string}"},"query-input":{"@type":"PropertyValueSpecification","valueRequired":true,"valueName":"search_term_string"}}],"inLanguage":"en-US"},{"@type":"Organization","@id":"https:\/\/blocshop.com\/en\/#organization","name":"Bloc Shop","url":"https:\/\/blocshop.com\/en\/","logo":{"@type":"ImageObject","inLanguage":"en-US","@id":"https:\/\/blocshop.com\/en\/#\/schema\/logo\/image\/","url":"https:\/\/blocshop.com\/wp-content\/uploads\/2024\/08\/cropped-colored_back_2025.png","contentUrl":"https:\/\/blocshop.com\/wp-content\/uploads\/2024\/08\/cropped-colored_back_2025.png","width":1556,"height":1542,"caption":"Bloc Shop"},"image":{"@id":"https:\/\/blocshop.com\/en\/#\/schema\/logo\/image\/"},"sameAs":["https:\/\/www.facebook.com\/BlocShop","https:\/\/www.instagram.com\/blocshop\/"]}]}},"_links":{"self":[{"href":"https:\/\/blocshop.com\/en\/wp-json\/wp\/v2\/pages\/23926","targetHints":{"allow":["GET"]}}],"collection":[{"href":"https:\/\/blocshop.com\/en\/wp-json\/wp\/v2\/pages"}],"about":[{"href":"https:\/\/blocshop.com\/en\/wp-json\/wp\/v2\/types\/page"}],"author":[{"embeddable":true,"href":"https:\/\/blocshop.com\/en\/wp-json\/wp\/v2\/users\/2"}],"replies":[{"embeddable":true,"href":"https:\/\/blocshop.com\/en\/wp-json\/wp\/v2\/comments?post=23926"}],"version-history":[{"count":6,"href":"https:\/\/blocshop.com\/en\/wp-json\/wp\/v2\/pages\/23926\/revisions"}],"predecessor-version":[{"id":23935,"href":"https:\/\/blocshop.com\/en\/wp-json\/wp\/v2\/pages\/23926\/revisions\/23935"}],"wp:attachment":[{"href":"https:\/\/blocshop.com\/en\/wp-json\/wp\/v2\/media?parent=23926"}],"wp:term":[{"taxonomy":"category","embeddable":true,"href":"https:\/\/blocshop.com\/en\/wp-json\/wp\/v2\/categories?post=23926"},{"taxonomy":"post_tag","embeddable":true,"href":"https:\/\/blocshop.com\/en\/wp-json\/wp\/v2\/tags?post=23926"}],"curies":[{"name":"wp","href":"https:\/\/api.w.org\/{rel}","templated":true}]}}